{"id":665,"date":"2026-02-10T13:05:38","date_gmt":"2026-02-10T12:05:38","guid":{"rendered":"https:\/\/taxxpert.hu\/?page_id=665"},"modified":"2026-02-24T13:48:14","modified_gmt":"2026-02-24T12:48:14","slug":"impresszum","status":"publish","type":"page","link":"https:\/\/taxxpert.hu\/en\/impresszum\/","title":{"rendered":"Impress"},"content":{"rendered":"\t\t<div data-elementor-type=\"wp-page\" data-elementor-id=\"665\" class=\"elementor elementor-665 elementor-323\" data-elementor-settings=\"{&quot;element_pack_global_tooltip_width&quot;:{&quot;unit&quot;:&quot;px&quot;,&quot;size&quot;:&quot;&quot;,&quot;sizes&quot;:[]},&quot;element_pack_global_tooltip_width_tablet&quot;:{&quot;unit&quot;:&quot;px&quot;,&quot;size&quot;:&quot;&quot;,&quot;sizes&quot;:[]},&quot;element_pack_global_tooltip_width_mobile&quot;:{&quot;unit&quot;:&quot;px&quot;,&quot;size&quot;:&quot;&quot;,&quot;sizes&quot;:[]},&quot;element_pack_global_tooltip_padding&quot;:{&quot;unit&quot;:&quot;px&quot;,&quot;top&quot;:&quot;&quot;,&quot;right&quot;:&quot;&quot;,&quot;bottom&quot;:&quot;&quot;,&quot;left&quot;:&quot;&quot;,&quot;isLinked&quot;:true},&quot;element_pack_global_tooltip_padding_tablet&quot;:{&quot;unit&quot;:&quot;px&quot;,&quot;top&quot;:&quot;&quot;,&quot;right&quot;:&quot;&quot;,&quot;bottom&quot;:&quot;&quot;,&quot;left&quot;:&quot;&quot;,&quot;isLinked&quot;:true},&quot;element_pack_global_tooltip_padding_mobile&quot;:{&quot;unit&quot;:&quot;px&quot;,&quot;top&quot;:&quot;&quot;,&quot;right&quot;:&quot;&quot;,&quot;bottom&quot;:&quot;&quot;,&quot;left&quot;:&quot;&quot;,&quot;isLinked&quot;:true},&quot;element_pack_global_tooltip_border_radius&quot;:{&quot;unit&quot;:&quot;px&quot;,&quot;top&quot;:&quot;&quot;,&quot;right&quot;:&quot;&quot;,&quot;bottom&quot;:&quot;&quot;,&quot;left&quot;:&quot;&quot;,&quot;isLinked&quot;:true},&quot;element_pack_global_tooltip_border_radius_tablet&quot;:{&quot;unit&quot;:&quot;px&quot;,&quot;top&quot;:&quot;&quot;,&quot;right&quot;:&quot;&quot;,&quot;bottom&quot;:&quot;&quot;,&quot;left&quot;:&quot;&quot;,&quot;isLinked&quot;:true},&quot;element_pack_global_tooltip_border_radius_mobile&quot;:{&quot;unit&quot;:&quot;px&quot;,&quot;top&quot;:&quot;&quot;,&quot;right&quot;:&quot;&quot;,&quot;bottom&quot;:&quot;&quot;,&quot;left&quot;:&quot;&quot;,&quot;isLinked&quot;:true}}\" data-elementor-post-type=\"page\">\n\t\t\t\t\t\t<section class=\"elementor-section elementor-top-section elementor-element elementor-element-0916e54 elementor-section-boxed elementor-section-height-default elementor-section-height-default\" data-id=\"0916e54\" data-element_type=\"section\" data-e-type=\"section\">\n\t\t\t\t\t\t<div class=\"elementor-container elementor-column-gap-default\">\n\t\t\t\t\t<div class=\"elementor-column elementor-col-100 elementor-top-column elementor-element elementor-element-d82b0f7\" data-id=\"d82b0f7\" data-element_type=\"column\" data-e-type=\"column\">\n\t\t\t<div class=\"elementor-widget-wrap elementor-element-populated\">\n\t\t\t\t\t\t<div class=\"elementor-element elementor-element-40242ee elementor-widget elementor-widget-text-editor\" data-id=\"40242ee\" data-element_type=\"widget\" data-e-type=\"widget\" data-widget_type=\"text-editor.default\">\n\t\t\t\t\t\t\t\t\t<div class=\"pb-5\"><h2>Business details:<\/h2><div><b>Name:<\/b> Kadenszkin\u00e9 Drajk\u00f3 M\u00f3nika<\/div><div><b>Registered office:<\/b> <span class=\"hover:entity-accent entity-underline inline cursor-pointer align-baseline\"><span class=\"whitespace-normal\">G\u00f6d<\/span><\/span>, 2132 \u0150szap\u00f3 Street 84.<\/div><div><strong data-start=\"160\" data-end=\"175\">Tax number:<\/strong> 49165894-1-33<\/div><div><b>E-mail:<\/b> mnikadrajk@yahoo.com<\/div><div><b><strong data-start=\"226\" data-end=\"236\">Phone:<\/strong> <\/b>+36 20 779 4184<\/div><\/div><h2>\u00a0<\/h2><h2>Hosting provider details:<\/h2><div><b>Name:<\/b> Mazuri Marketing Kft.<\/div><div><b>Business premises:<\/b> <span class=\"hover:entity-accent entity-underline inline cursor-pointer align-baseline\"><span class=\"whitespace-normal\">Szolnok<\/span><\/span>, 5008 Karinthy Frigyes Road 40.<\/div><div><b>Tax number:<\/b> 25482360-2-16<\/div><div><b>E-mail:<\/b> <a href=\"mailto:info@mazuri.hu\">info@mazuri.hu<\/a><\/div><div><b>Phone.:<\/b> <a href=\"tel:+3630 696 6786\">+3630 696 6786<\/a><\/div>\t\t\t\t\t\t\t\t<\/div>\n\t\t\t\t\t<\/div>\n\t\t<\/div>\n\t\t\t\t\t<\/div>\n\t\t<\/section>\n\t\t\t\t<\/div>\n\t\t","protected":false},"excerpt":{"rendered":"<p>Business details: Name: Kadenszkin\u00e9 Drajk\u00f3 M\u00f3nikaRegistered office: G\u00f6d, 2132 \u0150szap\u00f3 Street 84.Tax number: 49165894-1-33E-mail: mnikadrajk@yahoo.comPhone: +36 20 779 4184 \u00a0 Hosting provider details: Name: Mazuri Marketing Kft.Business premises: Szolnok, 5008 Karinthy Frigyes Road 40.Tax number: 25482360-2-16E-mail: info@mazuri.huPhone.: +3630 696 6786<\/p>\n","protected":false},"author":2,"featured_media":0,"parent":0,"menu_order":0,"comment_status":"closed","ping_status":"closed","template":"","meta":{"footnotes":""},"class_list":["post-665","page","type-page","status-publish","hentry"],"yoast_head":"<!-- This site is optimized with the Yoast SEO Premium plugin v26.9 (Yoast SEO v26.9) - https:\/\/yoast.com\/product\/yoast-seo-premium-wordpress\/ -->\n<title>Impress &#8226; TaxXpert<\/title>\n<meta name=\"robots\" content=\"index, follow, max-snippet:-1, max-image-preview:large, max-video-preview:-1\" \/>\n<link rel=\"canonical\" href=\"https:\/\/taxxpert.hu\/en\/impresszum\/\" \/>\n<meta property=\"og:locale\" content=\"en_US\" \/>\n<meta property=\"og:type\" content=\"article\" \/>\n<meta property=\"og:title\" content=\"Impress\" \/>\n<meta property=\"og:description\" content=\"Business details: Name: Kadenszkin\u00e9 Drajk\u00f3 M\u00f3nikaRegistered office: G\u00f6d, 2132 \u0150szap\u00f3 Street 84.Tax number: 49165894-1-33E-mail: mnikadrajk@yahoo.comPhone: +36 20 779 4184 \u00a0 Hosting provider details: Name: Mazuri Marketing Kft.Business premises: Szolnok, 5008 Karinthy Frigyes Road 40.Tax number: 25482360-2-16E-mail: info@mazuri.huPhone.: +3630 696 6786\" \/>\n<meta property=\"og:url\" content=\"https:\/\/taxxpert.hu\/en\/impresszum\/\" \/>\n<meta property=\"og:site_name\" content=\"TaxXpert\" \/>\n<meta property=\"article:modified_time\" content=\"2026-02-24T12:48:14+00:00\" \/>\n<meta property=\"og:image\" content=\"https:\/\/taxxpert.hu\/wp-content\/uploads\/2026\/02\/taxxpert_konyveloiroda_seoimg.png\" \/>\n\t<meta property=\"og:image:width\" content=\"1200\" \/>\n\t<meta property=\"og:image:height\" content=\"675\" \/>\n\t<meta property=\"og:image:type\" content=\"image\/png\" \/>\n<meta name=\"twitter:card\" content=\"summary_large_image\" \/>\n<meta name=\"twitter:label1\" content=\"Est. reading time\" \/>\n\t<meta name=\"twitter:data1\" content=\"1 minute\" \/>\n<script type=\"application\/ld+json\" class=\"yoast-schema-graph\">{\"@context\":\"https:\/\/schema.org\",\"@graph\":[{\"@type\":\"WebPage\",\"@id\":\"https:\/\/taxxpert.hu\/en\/impresszum\/\",\"url\":\"https:\/\/taxxpert.hu\/en\/impresszum\/\",\"name\":\"Impress &#8226; TaxXpert\",\"isPartOf\":{\"@id\":\"https:\/\/taxxpert.hu\/en\/#website\"},\"datePublished\":\"2026-02-10T12:05:38+00:00\",\"dateModified\":\"2026-02-24T12:48:14+00:00\",\"breadcrumb\":{\"@id\":\"https:\/\/taxxpert.hu\/en\/impresszum\/#breadcrumb\"},\"inLanguage\":\"en-US\",\"potentialAction\":[{\"@type\":\"ReadAction\",\"target\":[\"https:\/\/taxxpert.hu\/en\/impresszum\/\"]}]},{\"@type\":\"BreadcrumbList\",\"@id\":\"https:\/\/taxxpert.hu\/en\/impresszum\/#breadcrumb\",\"itemListElement\":[{\"@type\":\"ListItem\",\"position\":1,\"name\":\"Kezd\u0151lap\",\"item\":\"https:\/\/taxxpert.hu\/en\/\"},{\"@type\":\"ListItem\",\"position\":2,\"name\":\"Impress\"}]},{\"@type\":\"WebSite\",\"@id\":\"https:\/\/taxxpert.hu\/en\/#website\",\"url\":\"https:\/\/taxxpert.hu\/en\/\",\"name\":\"TaxXpert\",\"description\":\"K\u00f6nyvel\u0151iroda\",\"publisher\":{\"@id\":\"https:\/\/taxxpert.hu\/en\/#organization\"},\"potentialAction\":[{\"@type\":\"SearchAction\",\"target\":{\"@type\":\"EntryPoint\",\"urlTemplate\":\"https:\/\/taxxpert.hu\/en\/?s={search_term_string}\"},\"query-input\":{\"@type\":\"PropertyValueSpecification\",\"valueRequired\":true,\"valueName\":\"search_term_string\"}}],\"inLanguage\":\"en-US\"},{\"@type\":\"Organization\",\"@id\":\"https:\/\/taxxpert.hu\/en\/#organization\",\"name\":\"TaxXpert\",\"url\":\"https:\/\/taxxpert.hu\/en\/\",\"logo\":{\"@type\":\"ImageObject\",\"inLanguage\":\"en-US\",\"@id\":\"https:\/\/taxxpert.hu\/en\/#\/schema\/logo\/image\/\",\"url\":\"https:\/\/taxxpert.hu\/wp-content\/uploads\/2026\/01\/taxXpert-logo-1.png\",\"contentUrl\":\"https:\/\/taxxpert.hu\/wp-content\/uploads\/2026\/01\/taxXpert-logo-1.png\",\"width\":2039,\"height\":975,\"caption\":\"TaxXpert\"},\"image\":{\"@id\":\"https:\/\/taxxpert.hu\/en\/#\/schema\/logo\/image\/\"}}]}<\/script>\n<!-- \/ Yoast SEO Premium plugin. -->","yoast_head_json":{"title":"Impress &#8226; TaxXpert","robots":{"index":"index","follow":"follow","max-snippet":"max-snippet:-1","max-image-preview":"max-image-preview:large","max-video-preview":"max-video-preview:-1"},"canonical":"https:\/\/taxxpert.hu\/en\/impresszum\/","og_locale":"en_US","og_type":"article","og_title":"Impress","og_description":"Business details: Name: Kadenszkin\u00e9 Drajk\u00f3 M\u00f3nikaRegistered office: G\u00f6d, 2132 \u0150szap\u00f3 Street 84.Tax number: 49165894-1-33E-mail: mnikadrajk@yahoo.comPhone: +36 20 779 4184 \u00a0 Hosting provider details: Name: Mazuri Marketing Kft.Business premises: Szolnok, 5008 Karinthy Frigyes Road 40.Tax number: 25482360-2-16E-mail: info@mazuri.huPhone.: +3630 696 6786","og_url":"https:\/\/taxxpert.hu\/en\/impresszum\/","og_site_name":"TaxXpert","article_modified_time":"2026-02-24T12:48:14+00:00","og_image":[{"width":1200,"height":675,"url":"https:\/\/taxxpert.hu\/wp-content\/uploads\/2026\/02\/taxxpert_konyveloiroda_seoimg.png","type":"image\/png"}],"twitter_card":"summary_large_image","twitter_misc":{"Est. reading time":"1 minute"},"schema":{"@context":"https:\/\/schema.org","@graph":[{"@type":"WebPage","@id":"https:\/\/taxxpert.hu\/en\/impresszum\/","url":"https:\/\/taxxpert.hu\/en\/impresszum\/","name":"Impress &#8226; TaxXpert","isPartOf":{"@id":"https:\/\/taxxpert.hu\/en\/#website"},"datePublished":"2026-02-10T12:05:38+00:00","dateModified":"2026-02-24T12:48:14+00:00","breadcrumb":{"@id":"https:\/\/taxxpert.hu\/en\/impresszum\/#breadcrumb"},"inLanguage":"en-US","potentialAction":[{"@type":"ReadAction","target":["https:\/\/taxxpert.hu\/en\/impresszum\/"]}]},{"@type":"BreadcrumbList","@id":"https:\/\/taxxpert.hu\/en\/impresszum\/#breadcrumb","itemListElement":[{"@type":"ListItem","position":1,"name":"Kezd\u0151lap","item":"https:\/\/taxxpert.hu\/en\/"},{"@type":"ListItem","position":2,"name":"Impress"}]},{"@type":"WebSite","@id":"https:\/\/taxxpert.hu\/en\/#website","url":"https:\/\/taxxpert.hu\/en\/","name":"TaxXpert","description":"K\u00f6nyvel\u0151iroda","publisher":{"@id":"https:\/\/taxxpert.hu\/en\/#organization"},"potentialAction":[{"@type":"SearchAction","target":{"@type":"EntryPoint","urlTemplate":"https:\/\/taxxpert.hu\/en\/?s={search_term_string}"},"query-input":{"@type":"PropertyValueSpecification","valueRequired":true,"valueName":"search_term_string"}}],"inLanguage":"en-US"},{"@type":"Organization","@id":"https:\/\/taxxpert.hu\/en\/#organization","name":"TaxXpert","url":"https:\/\/taxxpert.hu\/en\/","logo":{"@type":"ImageObject","inLanguage":"en-US","@id":"https:\/\/taxxpert.hu\/en\/#\/schema\/logo\/image\/","url":"https:\/\/taxxpert.hu\/wp-content\/uploads\/2026\/01\/taxXpert-logo-1.png","contentUrl":"https:\/\/taxxpert.hu\/wp-content\/uploads\/2026\/01\/taxXpert-logo-1.png","width":2039,"height":975,"caption":"TaxXpert"},"image":{"@id":"https:\/\/taxxpert.hu\/en\/#\/schema\/logo\/image\/"}}]}},"_links":{"self":[{"href":"https:\/\/taxxpert.hu\/en\/wp-json\/wp\/v2\/pages\/665","targetHints":{"allow":["GET"]}}],"collection":[{"href":"https:\/\/taxxpert.hu\/en\/wp-json\/wp\/v2\/pages"}],"about":[{"href":"https:\/\/taxxpert.hu\/en\/wp-json\/wp\/v2\/types\/page"}],"author":[{"embeddable":true,"href":"https:\/\/taxxpert.hu\/en\/wp-json\/wp\/v2\/users\/2"}],"replies":[{"embeddable":true,"href":"https:\/\/taxxpert.hu\/en\/wp-json\/wp\/v2\/comments?post=665"}],"version-history":[{"count":5,"href":"https:\/\/taxxpert.hu\/en\/wp-json\/wp\/v2\/pages\/665\/revisions"}],"predecessor-version":[{"id":671,"href":"https:\/\/taxxpert.hu\/en\/wp-json\/wp\/v2\/pages\/665\/revisions\/671"}],"wp:attachment":[{"href":"https:\/\/taxxpert.hu\/en\/wp-json\/wp\/v2\/media?parent=665"}],"curies":[{"name":"wp","href":"https:\/\/api.w.org\/{rel}","templated":true}]}}