{"id":674,"date":"2026-02-10T13:27:57","date_gmt":"2026-02-10T12:27:57","guid":{"rendered":"https:\/\/taxxpert.hu\/?page_id=674"},"modified":"2026-02-24T14:11:02","modified_gmt":"2026-02-24T13:11:02","slug":"cookie-policy","status":"publish","type":"page","link":"https:\/\/taxxpert.hu\/en\/cookie-policy\/","title":{"rendered":"Cookie Policy"},"content":{"rendered":"\t\t<div data-elementor-type=\"wp-page\" data-elementor-id=\"674\" class=\"elementor elementor-674 elementor-357\" data-elementor-settings=\"{&quot;element_pack_global_tooltip_width&quot;:{&quot;unit&quot;:&quot;px&quot;,&quot;size&quot;:&quot;&quot;,&quot;sizes&quot;:[]},&quot;element_pack_global_tooltip_width_tablet&quot;:{&quot;unit&quot;:&quot;px&quot;,&quot;size&quot;:&quot;&quot;,&quot;sizes&quot;:[]},&quot;element_pack_global_tooltip_width_mobile&quot;:{&quot;unit&quot;:&quot;px&quot;,&quot;size&quot;:&quot;&quot;,&quot;sizes&quot;:[]},&quot;element_pack_global_tooltip_padding&quot;:{&quot;unit&quot;:&quot;px&quot;,&quot;top&quot;:&quot;&quot;,&quot;right&quot;:&quot;&quot;,&quot;bottom&quot;:&quot;&quot;,&quot;left&quot;:&quot;&quot;,&quot;isLinked&quot;:true},&quot;element_pack_global_tooltip_padding_tablet&quot;:{&quot;unit&quot;:&quot;px&quot;,&quot;top&quot;:&quot;&quot;,&quot;right&quot;:&quot;&quot;,&quot;bottom&quot;:&quot;&quot;,&quot;left&quot;:&quot;&quot;,&quot;isLinked&quot;:true},&quot;element_pack_global_tooltip_padding_mobile&quot;:{&quot;unit&quot;:&quot;px&quot;,&quot;top&quot;:&quot;&quot;,&quot;right&quot;:&quot;&quot;,&quot;bottom&quot;:&quot;&quot;,&quot;left&quot;:&quot;&quot;,&quot;isLinked&quot;:true},&quot;element_pack_global_tooltip_border_radius&quot;:{&quot;unit&quot;:&quot;px&quot;,&quot;top&quot;:&quot;&quot;,&quot;right&quot;:&quot;&quot;,&quot;bottom&quot;:&quot;&quot;,&quot;left&quot;:&quot;&quot;,&quot;isLinked&quot;:true},&quot;element_pack_global_tooltip_border_radius_tablet&quot;:{&quot;unit&quot;:&quot;px&quot;,&quot;top&quot;:&quot;&quot;,&quot;right&quot;:&quot;&quot;,&quot;bottom&quot;:&quot;&quot;,&quot;left&quot;:&quot;&quot;,&quot;isLinked&quot;:true},&quot;element_pack_global_tooltip_border_radius_mobile&quot;:{&quot;unit&quot;:&quot;px&quot;,&quot;top&quot;:&quot;&quot;,&quot;right&quot;:&quot;&quot;,&quot;bottom&quot;:&quot;&quot;,&quot;left&quot;:&quot;&quot;,&quot;isLinked&quot;:true}}\" data-elementor-post-type=\"page\">\n\t\t\t\t\t\t<section class=\"elementor-section elementor-top-section elementor-element elementor-element-fcaa9df elementor-section-boxed elementor-section-height-default elementor-section-height-default\" data-id=\"fcaa9df\" data-element_type=\"section\" data-e-type=\"section\">\n\t\t\t\t\t\t<div class=\"elementor-container elementor-column-gap-default\">\n\t\t\t\t\t<div class=\"elementor-column elementor-col-100 elementor-top-column elementor-element elementor-element-a943eaf\" data-id=\"a943eaf\" data-element_type=\"column\" data-e-type=\"column\">\n\t\t\t<div class=\"elementor-widget-wrap elementor-element-populated\">\n\t\t\t\t\t\t<div class=\"elementor-element elementor-element-41bb267 elementor-widget elementor-widget-text-editor\" data-id=\"41bb267\" data-element_type=\"widget\" data-e-type=\"widget\" data-widget_type=\"text-editor.default\">\n\t\t\t\t\t\t\t\t\t<h2 data-start=\"287\" data-end=\"311\">Definition of cookies<\/h2><p data-start=\"313\" data-end=\"616\">A cookie is a small text file that is placed on the user\u2019s computer or other end-user device while visiting a website.<br data-start=\"145\" data-end=\"148\" \/>The purpose of cookies is to ensure the proper functioning of the website, improve user experience, and collect statistical data in an anonymous form.<\/p><hr data-start=\"618\" data-end=\"621\" \/><h2 data-start=\"623\" data-end=\"652\">Scope of the cookie policy<\/h2><p data-start=\"337\" data-end=\"566\">This cookie policy applies to cookies used during the use of the website. The purpose of this notice is to provide transparent and clear information about the use of cookies, their types, and the user\u2019s options regarding cookies.<\/p><p data-start=\"568\" data-end=\"687\">The list of specific cookies used by the website, their characteristics, and duration are provided in a separate table.<\/p><hr data-start=\"1024\" data-end=\"1027\" \/><h2 data-start=\"1029\" data-end=\"1047\">Types of cookies<\/h2><p data-start=\"716\" data-end=\"807\">During the operation of the website, different types of cookies may be used, in particular:<\/p><ul data-start=\"809\" data-end=\"1142\"><li data-start=\"809\" data-end=\"918\"><p data-start=\"811\" data-end=\"918\">Essential (strictly necessary) cookies, which are indispensable for the proper functioning of the website<\/p><\/li><li data-start=\"920\" data-end=\"1031\"><p data-start=\"922\" data-end=\"1031\">Statistical cookies, which collect information anonymously about the use of the website and help improve it<\/p><\/li><li data-start=\"1033\" data-end=\"1142\"><p data-start=\"1035\" data-end=\"1142\">Marketing cookies, which collect information anonymously about the use of the website and help improve it<\/p><\/li><\/ul><p>\u00a0<\/p><hr data-start=\"1369\" data-end=\"1372\" \/><h2 data-start=\"1374\" data-end=\"1411\">Consent to the use of cookies<\/h2><p data-start=\"1413\" data-end=\"1728\">When visiting the website for the first time, the user can decide on the use of non-essential cookies through the cookie notification that appears.<br data-start=\"1331\" data-end=\"1334\" \/>By continuing to browse the website, the user accepts that we place the cookies described in this notice on their device to ensure the operation of the website.<\/p><hr data-start=\"1730\" data-end=\"1733\" \/><h2 data-start=\"1735\" data-end=\"1767\">List of cookies<\/h2><p data-start=\"1769\" data-end=\"2035\"><code><div class=\"wpconsent-cookie-policy\"><h2 class=\"wpconsent-cookie-category-name\">Alapvet\u0151<\/h2><p class=\"wpconsent-cookie-category-description\">Az alapvet\u0151 s\u00fctik lehet\u0151v\u00e9 teszik az alapvet\u0151 funkci\u00f3kat, \u00e9s sz\u00fcks\u00e9gesek a weboldal megfelel\u0151 m\u0171k\u00f6d\u00e9s\u00e9hez.<\/p><table class=\"wpconsent-cookie-policy-table\"><tr><th>N\u00e9v<\/th><th>Le\u00edr\u00e1s<\/th><th>Id\u0151tartam<\/th><\/tr><tr><td>wpconsent_preferences<\/td><td>This cookie is used to store the user&#039;s cookie consent preferences.<\/td><td>30 days<\/td><\/tr><\/table><h3 class=\"wpconsent-cookie-service-name\">Comments<\/h3><p class=\"wpconsent-cookie-service-description\">These cookies are needed for adding comments on this website.<\/p><table class=\"wpconsent-cookie-policy-table\"><tr><th>N\u00e9v<\/th><th>Le\u00edr\u00e1s<\/th><th>Id\u0151tartam<\/th><\/tr><tr><td>comment_author_url<\/td><td>Used to track the user across multiple sessions.<\/td><td>Session<\/td><\/tr><tr><td>comment_author<\/td><td>Used to track the user across multiple sessions.<\/td><td>Session<\/td><\/tr><tr><td>comment_author_email<\/td><td>Used to track the user across multiple sessions.<\/td><td>Session<\/td><\/tr><\/table><h3 class=\"wpconsent-cookie-service-name\">Google Tag Manager<\/h3><p class=\"wpconsent-cookie-service-description\">Google Tag Manager simplifies the management of marketing tags on your website without code changes.<\/p><table class=\"wpconsent-cookie-policy-table\"><tr><th>N\u00e9v<\/th><th>Le\u00edr\u00e1s<\/th><th>Id\u0151tartam<\/th><\/tr><tr><td>cookiePreferences<\/td><td>Registers cookie preferences of a user<\/td><td>2 years<\/td><\/tr><tr><td>td<\/td><td>Registers statistical data on users&#039; behaviour on the website. Used for internal analytics by the website operator.<\/td><td>session<\/td><\/tr><\/table><h2 class=\"wpconsent-cookie-category-name\">Statisztika<\/h2><p class=\"wpconsent-cookie-category-description\">A statisztikai s\u00fctik n\u00e9vtelen\u00fcl gy\u0171jtenek inform\u00e1ci\u00f3kat. Ezek az inform\u00e1ci\u00f3k seg\u00edtenek meg\u00e9rteni, hogyan haszn\u00e1lj\u00e1k a l\u00e1togat\u00f3k a weboldalunkat.<\/p><h3 class=\"wpconsent-cookie-service-name\">Google Analytics<\/h3><p class=\"wpconsent-cookie-service-description\">Google Analytics is a powerful tool that tracks and analyzes website traffic for informed marketing decisions.<\/p><a href=\"https:\/\/policies.google.com\/privacy\">Learn more<\/a><table class=\"wpconsent-cookie-policy-table\"><tr><th>N\u00e9v<\/th><th>Le\u00edr\u00e1s<\/th><th>Id\u0151tartam<\/th><\/tr><tr><td>_gac_<\/td><td>Contains information related to marketing campaigns of the user. These are shared with Google AdWords \/ Google Ads when the Google Ads and Google Analytics accounts are linked together.<\/td><td>90 days<\/td><\/tr><tr><td>__utma<\/td><td>ID used to identify users and sessions<\/td><td>2 years after last activity<\/td><\/tr><tr><td>__utmt<\/td><td>Used to monitor number of Google Analytics server requests<\/td><td>10 minutes<\/td><\/tr><tr><td>__utmb<\/td><td>Used to distinguish new sessions and visits. This cookie is set when the GA.js javascript library is loaded and there is no existing __utmb cookie. The cookie is updated every time data is sent to the Google Analytics server.<\/td><td>30 minutes after last activity<\/td><\/tr><tr><td>__utmc<\/td><td>Used only with old Urchin versions of Google Analytics and not with GA.js. Was used to distinguish between new sessions and visits at the end of a session.<\/td><td>End of session (browser)<\/td><\/tr><tr><td>__utmz<\/td><td>Contains information about the traffic source or campaign that directed user to the website. The cookie is set when the GA.js javascript is loaded and updated when data is sent to the Google Anaytics server<\/td><td>6 months after last activity<\/td><\/tr><tr><td>__utmv<\/td><td>Contains custom information set by the web developer via the _setCustomVar method in Google Analytics. This cookie is updated every time new data is sent to the Google Analytics server.<\/td><td>2 years after last activity<\/td><\/tr><tr><td>__utmx<\/td><td>Used to determine whether a user is included in an A \/ B or Multivariate test.<\/td><td>18 months<\/td><\/tr><tr><td>_ga<\/td><td>ID used to identify users<\/td><td>2 years<\/td><\/tr><tr><td>_gali<\/td><td>Used by Google Analytics to determine which links on a page are being clicked<\/td><td>30 seconds<\/td><\/tr><tr><td>_ga_<\/td><td>ID used to identify users<\/td><td>2 years<\/td><\/tr><tr><td>_gid<\/td><td>ID used to identify users for 24 hours after last activity<\/td><td>24 hours<\/td><\/tr><tr><td>_gat<\/td><td>Used to monitor number of Google Analytics server requests when using Google Tag Manager<\/td><td>1 minute<\/td><\/tr><\/table><\/div><\/code><\/p><hr data-start=\"1730\" data-end=\"1733\" \/><h2 data-start=\"1735\" data-end=\"1767\">Managing and disabling cookies<\/h2><p data-start=\"1769\" data-end=\"2035\">The user has the option to manage or delete cookies through the settings of the browser they use.<br data-start=\"133\" data-end=\"136\" \/>If the user partially or completely disables the use of cookies, some functions of the website may not work or may not function properly.<\/p>\t\t\t\t\t\t\t\t<\/div>\n\t\t\t\t\t<\/div>\n\t\t<\/div>\n\t\t\t\t\t<\/div>\n\t\t<\/section>\n\t\t\t\t<\/div>\n\t\t","protected":false},"excerpt":{"rendered":"<p>Definition of cookies A cookie is a small text file that is placed on the user\u2019s computer or other end-user device while visiting a website.The purpose of cookies is to ensure the proper functioning of the website, improve user experience, and collect statistical data in an anonymous form. Scope of the cookie policy This cookie [&hellip;]<\/p>\n","protected":false},"author":2,"featured_media":0,"parent":0,"menu_order":0,"comment_status":"closed","ping_status":"closed","template":"","meta":{"footnotes":""},"class_list":["post-674","page","type-page","status-publish","hentry"],"yoast_head":"<!-- This site is optimized with the Yoast SEO Premium plugin v26.9 (Yoast SEO v26.9) - https:\/\/yoast.com\/product\/yoast-seo-premium-wordpress\/ -->\n<title>Cookie Policy &#8226; TaxXpert<\/title>\n<meta name=\"robots\" content=\"index, follow, max-snippet:-1, max-image-preview:large, max-video-preview:-1\" \/>\n<link rel=\"canonical\" href=\"https:\/\/taxxpert.hu\/en\/cookie-policy\/\" \/>\n<meta property=\"og:locale\" content=\"en_US\" \/>\n<meta property=\"og:type\" content=\"article\" \/>\n<meta property=\"og:title\" content=\"Cookie Policy\" \/>\n<meta property=\"og:description\" content=\"Definition of cookies A cookie is a small text file that is placed on the user\u2019s computer or other end-user device while visiting a website.The purpose of cookies is to ensure the proper functioning of the website, improve user experience, and collect statistical data in an anonymous form. Scope of the cookie policy This cookie [&hellip;]\" \/>\n<meta property=\"og:url\" content=\"https:\/\/taxxpert.hu\/en\/cookie-policy\/\" \/>\n<meta property=\"og:site_name\" content=\"TaxXpert\" \/>\n<meta property=\"article:modified_time\" content=\"2026-02-24T13:11:02+00:00\" \/>\n<meta property=\"og:image\" content=\"https:\/\/taxxpert.hu\/wp-content\/uploads\/2026\/02\/taxxpert_konyveloiroda_seoimg.png\" \/>\n\t<meta property=\"og:image:width\" content=\"1200\" \/>\n\t<meta property=\"og:image:height\" content=\"675\" \/>\n\t<meta property=\"og:image:type\" content=\"image\/png\" \/>\n<meta name=\"twitter:card\" content=\"summary_large_image\" \/>\n<meta name=\"twitter:label1\" content=\"Est. reading time\" \/>\n\t<meta name=\"twitter:data1\" content=\"2 minutes\" \/>\n<script type=\"application\/ld+json\" class=\"yoast-schema-graph\">{\"@context\":\"https:\/\/schema.org\",\"@graph\":[{\"@type\":\"WebPage\",\"@id\":\"https:\/\/taxxpert.hu\/en\/cookie-policy\/\",\"url\":\"https:\/\/taxxpert.hu\/en\/cookie-policy\/\",\"name\":\"Cookie Policy &#8226; TaxXpert\",\"isPartOf\":{\"@id\":\"https:\/\/taxxpert.hu\/en\/#website\"},\"datePublished\":\"2026-02-10T12:27:57+00:00\",\"dateModified\":\"2026-02-24T13:11:02+00:00\",\"breadcrumb\":{\"@id\":\"https:\/\/taxxpert.hu\/en\/cookie-policy\/#breadcrumb\"},\"inLanguage\":\"en-US\",\"potentialAction\":[{\"@type\":\"ReadAction\",\"target\":[\"https:\/\/taxxpert.hu\/en\/cookie-policy\/\"]}]},{\"@type\":\"BreadcrumbList\",\"@id\":\"https:\/\/taxxpert.hu\/en\/cookie-policy\/#breadcrumb\",\"itemListElement\":[{\"@type\":\"ListItem\",\"position\":1,\"name\":\"Kezd\u0151lap\",\"item\":\"https:\/\/taxxpert.hu\/en\/\"},{\"@type\":\"ListItem\",\"position\":2,\"name\":\"Cookie Policy\"}]},{\"@type\":\"WebSite\",\"@id\":\"https:\/\/taxxpert.hu\/en\/#website\",\"url\":\"https:\/\/taxxpert.hu\/en\/\",\"name\":\"TaxXpert\",\"description\":\"K\u00f6nyvel\u0151iroda\",\"publisher\":{\"@id\":\"https:\/\/taxxpert.hu\/en\/#organization\"},\"potentialAction\":[{\"@type\":\"SearchAction\",\"target\":{\"@type\":\"EntryPoint\",\"urlTemplate\":\"https:\/\/taxxpert.hu\/en\/?s={search_term_string}\"},\"query-input\":{\"@type\":\"PropertyValueSpecification\",\"valueRequired\":true,\"valueName\":\"search_term_string\"}}],\"inLanguage\":\"en-US\"},{\"@type\":\"Organization\",\"@id\":\"https:\/\/taxxpert.hu\/en\/#organization\",\"name\":\"TaxXpert\",\"url\":\"https:\/\/taxxpert.hu\/en\/\",\"logo\":{\"@type\":\"ImageObject\",\"inLanguage\":\"en-US\",\"@id\":\"https:\/\/taxxpert.hu\/en\/#\/schema\/logo\/image\/\",\"url\":\"https:\/\/taxxpert.hu\/wp-content\/uploads\/2026\/01\/taxXpert-logo-1.png\",\"contentUrl\":\"https:\/\/taxxpert.hu\/wp-content\/uploads\/2026\/01\/taxXpert-logo-1.png\",\"width\":2039,\"height\":975,\"caption\":\"TaxXpert\"},\"image\":{\"@id\":\"https:\/\/taxxpert.hu\/en\/#\/schema\/logo\/image\/\"}}]}<\/script>\n<!-- \/ Yoast SEO Premium plugin. -->","yoast_head_json":{"title":"Cookie Policy &#8226; TaxXpert","robots":{"index":"index","follow":"follow","max-snippet":"max-snippet:-1","max-image-preview":"max-image-preview:large","max-video-preview":"max-video-preview:-1"},"canonical":"https:\/\/taxxpert.hu\/en\/cookie-policy\/","og_locale":"en_US","og_type":"article","og_title":"Cookie Policy","og_description":"Definition of cookies A cookie is a small text file that is placed on the user\u2019s computer or other end-user device while visiting a website.The purpose of cookies is to ensure the proper functioning of the website, improve user experience, and collect statistical data in an anonymous form. Scope of the cookie policy This cookie [&hellip;]","og_url":"https:\/\/taxxpert.hu\/en\/cookie-policy\/","og_site_name":"TaxXpert","article_modified_time":"2026-02-24T13:11:02+00:00","og_image":[{"width":1200,"height":675,"url":"https:\/\/taxxpert.hu\/wp-content\/uploads\/2026\/02\/taxxpert_konyveloiroda_seoimg.png","type":"image\/png"}],"twitter_card":"summary_large_image","twitter_misc":{"Est. reading time":"2 minutes"},"schema":{"@context":"https:\/\/schema.org","@graph":[{"@type":"WebPage","@id":"https:\/\/taxxpert.hu\/en\/cookie-policy\/","url":"https:\/\/taxxpert.hu\/en\/cookie-policy\/","name":"Cookie Policy &#8226; TaxXpert","isPartOf":{"@id":"https:\/\/taxxpert.hu\/en\/#website"},"datePublished":"2026-02-10T12:27:57+00:00","dateModified":"2026-02-24T13:11:02+00:00","breadcrumb":{"@id":"https:\/\/taxxpert.hu\/en\/cookie-policy\/#breadcrumb"},"inLanguage":"en-US","potentialAction":[{"@type":"ReadAction","target":["https:\/\/taxxpert.hu\/en\/cookie-policy\/"]}]},{"@type":"BreadcrumbList","@id":"https:\/\/taxxpert.hu\/en\/cookie-policy\/#breadcrumb","itemListElement":[{"@type":"ListItem","position":1,"name":"Kezd\u0151lap","item":"https:\/\/taxxpert.hu\/en\/"},{"@type":"ListItem","position":2,"name":"Cookie Policy"}]},{"@type":"WebSite","@id":"https:\/\/taxxpert.hu\/en\/#website","url":"https:\/\/taxxpert.hu\/en\/","name":"TaxXpert","description":"K\u00f6nyvel\u0151iroda","publisher":{"@id":"https:\/\/taxxpert.hu\/en\/#organization"},"potentialAction":[{"@type":"SearchAction","target":{"@type":"EntryPoint","urlTemplate":"https:\/\/taxxpert.hu\/en\/?s={search_term_string}"},"query-input":{"@type":"PropertyValueSpecification","valueRequired":true,"valueName":"search_term_string"}}],"inLanguage":"en-US"},{"@type":"Organization","@id":"https:\/\/taxxpert.hu\/en\/#organization","name":"TaxXpert","url":"https:\/\/taxxpert.hu\/en\/","logo":{"@type":"ImageObject","inLanguage":"en-US","@id":"https:\/\/taxxpert.hu\/en\/#\/schema\/logo\/image\/","url":"https:\/\/taxxpert.hu\/wp-content\/uploads\/2026\/01\/taxXpert-logo-1.png","contentUrl":"https:\/\/taxxpert.hu\/wp-content\/uploads\/2026\/01\/taxXpert-logo-1.png","width":2039,"height":975,"caption":"TaxXpert"},"image":{"@id":"https:\/\/taxxpert.hu\/en\/#\/schema\/logo\/image\/"}}]}},"_links":{"self":[{"href":"https:\/\/taxxpert.hu\/en\/wp-json\/wp\/v2\/pages\/674","targetHints":{"allow":["GET"]}}],"collection":[{"href":"https:\/\/taxxpert.hu\/en\/wp-json\/wp\/v2\/pages"}],"about":[{"href":"https:\/\/taxxpert.hu\/en\/wp-json\/wp\/v2\/types\/page"}],"author":[{"embeddable":true,"href":"https:\/\/taxxpert.hu\/en\/wp-json\/wp\/v2\/users\/2"}],"replies":[{"embeddable":true,"href":"https:\/\/taxxpert.hu\/en\/wp-json\/wp\/v2\/comments?post=674"}],"version-history":[{"count":4,"href":"https:\/\/taxxpert.hu\/en\/wp-json\/wp\/v2\/pages\/674\/revisions"}],"predecessor-version":[{"id":679,"href":"https:\/\/taxxpert.hu\/en\/wp-json\/wp\/v2\/pages\/674\/revisions\/679"}],"wp:attachment":[{"href":"https:\/\/taxxpert.hu\/en\/wp-json\/wp\/v2\/media?parent=674"}],"curies":[{"name":"wp","href":"https:\/\/api.w.org\/{rel}","templated":true}]}}